{"id":10,"date":"2013-09-27T15:34:15","date_gmt":"2013-09-27T15:34:15","guid":{"rendered":"http:\/\/perfekt-hnk.de\/?page_id=10"},"modified":"2024-07-15T15:26:11","modified_gmt":"2024-07-15T13:26:11","slug":"startseite","status":"publish","type":"page","link":"https:\/\/perfekt-hnk.de\/s\/","title":{"rendered":"perfekt! Haare N\u00e4gel Kosmetik &#8211; Ihr La Biosthetique Salon im Herzen von Fellbach- Oeffingen\u00a0"},"content":{"rendered":"\n<h1 class=\"wp-block-heading\">perfekt! Haare N\u00e4gel Kosmetik &#8211; Ihr La Biosthetique Salon im Herzen von Fellbach- Oeffingen&nbsp;<\/h1>\n\n\n\n<p>Das perfekt! -Team bietet Ihnen auf 100qm Sch\u00f6nheit von Kopf bis Fu\u00df nach dem La Biosthetique Total Beauty Konzept. Ob im Friseurbereich oder bei der Kosmetik: In unseren geschmackvoll gestalteten R\u00e4ume im Zentrum von Oeffingen k\u00f6nnen Sie sich rundum wohlf\u00fchlen.&nbsp;<\/p>\n\n\n\n<p><strong>Im Friseurbereich<\/strong>&nbsp;kreiren wir nach einer ausf\u00fchrlichen Beratung Ihren typgerechten Haarschnitt. Eine darauf abgestimmte Haarfarbe, individuelle Str\u00e4hnen oder Trendtechniken wie Balayage oder Glossing-Effekte machen Ihren Look perfekt. Kopfhaut und Haar werden mit exklusiven Pflegekuren verw\u00f6hnt. F\u00fcr ein langanhaltendes Styling geben wir Ihnen Tipps und Tricks f\u00fcr Pflege zu Hause mit auf den Weg.&nbsp;<\/p>\n\n\n\n<p>F\u00fcr Anl\u00e4sse wie Hochzeiten, wichtige Meetings oder sonstige Events kreiren wir gerne Ihre Hochsteckfrisur. Naturhaarverl\u00e4ngerung oder Haarverdichtung mit Great Lenghts geh\u00f6ren ebenfalls zu unseren Leistungen.&nbsp;<\/p>\n\n\n\n<p><strong>Im Kosmtikbereich&nbsp;<\/strong>bieten wir Ihnen exklusive Gesichtsbehandlungen, typgerechtes Make-up, Wimpernlifting sowie dauerhafte Haarentfernung mit der SHR- Technik. H\u00e4nde und F\u00fc\u00dfe werden bei der Manik\u00fcre und Fu\u00dfpflege intensiv gepflegt. Mit einer Nagelmodellage und Shellack werden Ihre N\u00e4gel zum perfekten Hingucker.&nbsp;<\/p>\n\n\n\n<p>Unser breites Spektrum an exklusiven Sch\u00f6nheitsbehandlungen ist individuell auf Ihre Bed\u00fcrfnisse abgestimmt. Damit Haut, Haar, N\u00e4gel, K\u00f6rper und Seele im Einklang miteinander sind. Unser Ziel: Ihnen sowohl ein Gef\u00fchl des Wohlbefindens als auch Sch\u00f6nheit zu verleihen.<\/p>\n\n\n\n<p>Vereinbaren Sie jetzt Ihren Termin !<\/p>\n\n\n\n<p><\/p>\n\n\n<div class=\"foogallery foogallery-container foogallery-masonry foogallery-lightbox-foobox fg-center fg-gutter-large fg-masonry fg-light fg-border-thin fg-shadow-outline fg-loading-default fg-loaded-fade-in fg-caption-hover fg-hover-fade fg-hover-zoom fg-ready fg-col4\" id=\"foogallery-gallery-909\" data-foogallery=\"{&quot;item&quot;:{&quot;showCaptionTitle&quot;:true,&quot;showCaptionDescription&quot;:true},&quot;lazy&quot;:true}\" >\r\n\t\t<div class=\"fg-column-width\"><\/div>\r\n\t<div class=\"fg-gutter-width\"><\/div>\r\n\t\t<div class=\"fg-item fg-type-image fg-idle\"><figure class=\"fg-item-inner\"><a href=\"https:\/\/perfekt-hnk.de\/s\/wp-content\/uploads\/sites\/2\/2024\/07\/64868-2214-HDR-scaled.jpg\" data-attachment-id=\"1378\" class=\"fg-thumb\"><span class=\"fg-image-wrap\"><img decoding=\"async\" width=\"150\" height=\"100\" class=\"skip-lazy fg-image\" data-src-fg=\"https:\/\/perfekt-hnk.de\/s\/wp-content\/uploads\/sites\/2\/cache\/2024\/07\/64868-2214-HDR-scaled\/1395664664.jpg\" src=\"data:image\/svg+xml,%3Csvg%20xmlns%3D%22http%3A%2F%2Fwww.w3.org%2F2000%2Fsvg%22%20width%3D%22150%22%20height%3D%22100%22%20viewBox%3D%220%200%20150%20100%22%3E%3C%2Fsvg%3E\" loading=\"eager\"><\/span><span class=\"fg-image-overlay\"><\/span><\/a><figcaption class=\"fg-caption\"><div class=\"fg-caption-inner\"><\/div><\/figcaption><\/figure><div class=\"fg-loader\"><\/div><\/div><div class=\"fg-item fg-type-image fg-idle\"><figure class=\"fg-item-inner\"><a href=\"https:\/\/perfekt-hnk.de\/s\/wp-content\/uploads\/sites\/2\/2024\/07\/64868-2224-HDR-scaled.jpg\" data-attachment-id=\"1379\" class=\"fg-thumb\"><span class=\"fg-image-wrap\"><img decoding=\"async\" width=\"150\" height=\"100\" class=\"skip-lazy fg-image\" data-src-fg=\"https:\/\/perfekt-hnk.de\/s\/wp-content\/uploads\/sites\/2\/cache\/2024\/07\/64868-2224-HDR-scaled\/445783310.jpg\" src=\"data:image\/svg+xml,%3Csvg%20xmlns%3D%22http%3A%2F%2Fwww.w3.org%2F2000%2Fsvg%22%20width%3D%22150%22%20height%3D%22100%22%20viewBox%3D%220%200%20150%20100%22%3E%3C%2Fsvg%3E\" loading=\"eager\"><\/span><span class=\"fg-image-overlay\"><\/span><\/a><figcaption class=\"fg-caption\"><div class=\"fg-caption-inner\"><\/div><\/figcaption><\/figure><div class=\"fg-loader\"><\/div><\/div><div class=\"fg-item fg-type-image fg-idle\"><figure class=\"fg-item-inner\"><a href=\"https:\/\/perfekt-hnk.de\/s\/wp-content\/uploads\/sites\/2\/2024\/07\/64868-2146-HDR-scaled.jpg\" data-attachment-id=\"1376\" class=\"fg-thumb\"><span class=\"fg-image-wrap\"><img decoding=\"async\" width=\"150\" height=\"100\" class=\"skip-lazy fg-image\" data-src-fg=\"https:\/\/perfekt-hnk.de\/s\/wp-content\/uploads\/sites\/2\/cache\/2024\/07\/64868-2146-HDR-scaled\/321384186.jpg\" src=\"data:image\/svg+xml,%3Csvg%20xmlns%3D%22http%3A%2F%2Fwww.w3.org%2F2000%2Fsvg%22%20width%3D%22150%22%20height%3D%22100%22%20viewBox%3D%220%200%20150%20100%22%3E%3C%2Fsvg%3E\" loading=\"eager\"><\/span><span class=\"fg-image-overlay\"><\/span><\/a><figcaption class=\"fg-caption\"><div class=\"fg-caption-inner\"><\/div><\/figcaption><\/figure><div class=\"fg-loader\"><\/div><\/div><div class=\"fg-item fg-type-image fg-idle\"><figure class=\"fg-item-inner\"><a href=\"https:\/\/perfekt-hnk.de\/s\/wp-content\/uploads\/sites\/2\/2019\/04\/waschplatzneu.jpg\" data-attachment-id=\"1380\" class=\"fg-thumb\"><span class=\"fg-image-wrap\"><img decoding=\"async\" width=\"150\" height=\"100\" class=\"skip-lazy fg-image\" data-src-fg=\"https:\/\/perfekt-hnk.de\/s\/wp-content\/uploads\/sites\/2\/cache\/2019\/04\/waschplatzneu\/938902023.jpg\" src=\"data:image\/svg+xml,%3Csvg%20xmlns%3D%22http%3A%2F%2Fwww.w3.org%2F2000%2Fsvg%22%20width%3D%22150%22%20height%3D%22100%22%20viewBox%3D%220%200%20150%20100%22%3E%3C%2Fsvg%3E\" loading=\"eager\"><\/span><span class=\"fg-image-overlay\"><\/span><\/a><figcaption class=\"fg-caption\"><div class=\"fg-caption-inner\"><\/div><\/figcaption><\/figure><div class=\"fg-loader\"><\/div><\/div><div class=\"fg-item fg-type-image fg-idle\"><figure class=\"fg-item-inner\"><a href=\"https:\/\/perfekt-hnk.de\/s\/wp-content\/uploads\/sites\/2\/2024\/07\/64868-2026-HDR-scaled.jpg\" data-attachment-id=\"1374\" class=\"fg-thumb\"><span class=\"fg-image-wrap\"><img decoding=\"async\" width=\"150\" height=\"100\" class=\"skip-lazy fg-image\" data-src-fg=\"https:\/\/perfekt-hnk.de\/s\/wp-content\/uploads\/sites\/2\/cache\/2024\/07\/64868-2026-HDR-scaled\/532224328.jpg\" src=\"data:image\/svg+xml,%3Csvg%20xmlns%3D%22http%3A%2F%2Fwww.w3.org%2F2000%2Fsvg%22%20width%3D%22150%22%20height%3D%22100%22%20viewBox%3D%220%200%20150%20100%22%3E%3C%2Fsvg%3E\" loading=\"eager\"><\/span><span class=\"fg-image-overlay\"><\/span><\/a><figcaption class=\"fg-caption\"><div class=\"fg-caption-inner\"><\/div><\/figcaption><\/figure><div class=\"fg-loader\"><\/div><\/div><div class=\"fg-item fg-type-image fg-idle\"><figure class=\"fg-item-inner\"><a href=\"https:\/\/perfekt-hnk.de\/s\/wp-content\/uploads\/sites\/2\/2024\/07\/64868-2111-HDR-scaled.jpg\" data-attachment-id=\"1375\" class=\"fg-thumb\"><span class=\"fg-image-wrap\"><img decoding=\"async\" width=\"150\" height=\"100\" class=\"skip-lazy fg-image\" data-src-fg=\"https:\/\/perfekt-hnk.de\/s\/wp-content\/uploads\/sites\/2\/cache\/2024\/07\/64868-2111-HDR-scaled\/2214538123.jpg\" src=\"data:image\/svg+xml,%3Csvg%20xmlns%3D%22http%3A%2F%2Fwww.w3.org%2F2000%2Fsvg%22%20width%3D%22150%22%20height%3D%22100%22%20viewBox%3D%220%200%20150%20100%22%3E%3C%2Fsvg%3E\" loading=\"eager\"><\/span><span class=\"fg-image-overlay\"><\/span><\/a><figcaption class=\"fg-caption\"><div class=\"fg-caption-inner\"><\/div><\/figcaption><\/figure><div class=\"fg-loader\"><\/div><\/div><\/div>","protected":false},"excerpt":{"rendered":"<p>perfekt! Haare N\u00e4gel Kosmetik &#8211; Ihr La Biosthetique Salon im Herzen von Fellbach- Oeffingen&nbsp; Das perfekt! -Team bietet Ihnen auf 100qm Sch\u00f6nheit von Kopf bis Fu\u00df nach dem La Biosthetique Total Beauty Konzept. Ob im Friseurbereich oder bei der Kosmetik: In unseren geschmackvoll gestalteten R\u00e4ume im Zentrum von Oeffingen k\u00f6nnen Sie sich rundum wohlf\u00fchlen.&nbsp; Im [&hellip;]<\/p>\n","protected":false},"author":1,"featured_media":0,"parent":0,"menu_order":0,"comment_status":"open","ping_status":"open","template":"","meta":{"footnotes":""},"aioseo_notices":[],"_links":{"self":[{"href":"https:\/\/perfekt-hnk.de\/s\/wp-json\/wp\/v2\/pages\/10"}],"collection":[{"href":"https:\/\/perfekt-hnk.de\/s\/wp-json\/wp\/v2\/pages"}],"about":[{"href":"https:\/\/perfekt-hnk.de\/s\/wp-json\/wp\/v2\/types\/page"}],"author":[{"embeddable":true,"href":"https:\/\/perfekt-hnk.de\/s\/wp-json\/wp\/v2\/users\/1"}],"replies":[{"embeddable":true,"href":"https:\/\/perfekt-hnk.de\/s\/wp-json\/wp\/v2\/comments?post=10"}],"version-history":[{"count":5,"href":"https:\/\/perfekt-hnk.de\/s\/wp-json\/wp\/v2\/pages\/10\/revisions"}],"predecessor-version":[{"id":1389,"href":"https:\/\/perfekt-hnk.de\/s\/wp-json\/wp\/v2\/pages\/10\/revisions\/1389"}],"wp:attachment":[{"href":"https:\/\/perfekt-hnk.de\/s\/wp-json\/wp\/v2\/media?parent=10"}],"curies":[{"name":"wp","href":"https:\/\/api.w.org\/{rel}","templated":true}]}}