{"id":1115,"date":"2023-01-31T20:00:00","date_gmt":"2023-01-31T19:00:00","guid":{"rendered":"https:\/\/perfekt-hnk.de\/s\/?page_id=1115"},"modified":"2025-05-08T13:44:16","modified_gmt":"2025-05-08T11:44:16","slug":"leistungen-preise-kosmetik","status":"publish","type":"page","link":"https:\/\/perfekt-hnk.de\/s\/leistungen-preise-kosmetik\/","title":{"rendered":"Leistungen und Preise Kosmetik"},"content":{"rendered":"\n<h1 class=\"wp-block-heading\">Leistungen\/Preise Kosmetik<\/h1>\n\n\n\n<h3 class=\"wp-block-heading\"><strong>KOSMETIK F\u00dcR SIE<\/strong><\/h3>\n\n\n\n<p>Revitalisierungsbehandlung<\/p>\n\n\n\n<figure class=\"wp-block-table is-style-pricelist\"><table><tbody><tr><td>Hautdiagnose \u00b7 Gesichtspeeling und Dampfbehandlung \u00b7 Sanfte Ausreinigung \u00b7<br>Augenbrauenkorrektur \u00b7 Gesichtsmaske \u00b7 Ampulle oder Kompresse mit \u00e4therischen <br>\u00d6len \u00b7 Revitalisierende Gesichtsmassage mit Tagespflege \u00b7 Pflegeempfehlung f\u00fcr zu <br>Hause und Touch over <\/td><td class=\"has-text-align-right\" data-align=\"right\">82,00 <\/td><\/tr><\/tbody><\/table><\/figure>\n\n\n\n<h3 class=\"wp-block-heading\"><strong>PFLEGEKONZEPT F\u00dcR IHN <\/strong><\/h3>\n\n\n\n<p>Hauttyp- Bestimmung mit anschlie\u00dfender Relexbehandlung <\/p>\n\n\n\n<figure class=\"wp-block-table is-style-pricelist\"><table><tbody><tr><td>Gesichtspeeling \u00b7 Dampfbehandlung \u00b7 Sanfte Ausreinigung \u00b7 Augenbrauenkorrektur \u00b7 Gesichtsmaske \u00b7 Gesichts- Verw\u00f6hnmassage \u00b7 Pflegeempfehlung f\u00fcr zu Hause <\/td><td class=\"has-text-align-right\" data-align=\"right\">82,00 <\/td><\/tr><\/tbody><\/table><\/figure>\n\n\n\n<h3 class=\"wp-block-heading\"><strong>TEENAGER SPEZIAL <\/strong><\/h3>\n\n\n\n<figure class=\"wp-block-table is-style-pricelist\"><table><tbody><tr><td>Gesichtspeeling und Dampfbehandlung \u00b7 Intensive Ausreinigung \u00b7 Gesichtsmaske \u00b7<br>Revitalisierende Gesichtsmassage mit Tagespflege \u00b7 Pflegeempfehlung f\u00fcr zu Hause <\/td><td class=\"has-text-align-right\" data-align=\"right\">64,00 <\/td><\/tr><\/tbody><\/table><\/figure>\n\n\n\n<h3 class=\"wp-block-heading\"><strong>ZUSATZANGEBOTE <\/strong><\/h3>\n\n\n\n<figure class=\"wp-block-table is-style-pricelist\"><table><tbody><tr><td>Wimpernlifting <br>Typgerechte Beratung \u00b7 Nat\u00fcrlicher Wimpernschwung incl. Wimpernf\u00e4rben<\/td><td class=\"has-text-align-right\" data-align=\"right\">64,00<\/td><\/tr><tr><td>Wimpern f\u00e4rben  <\/td><td class=\"has-text-align-right\" data-align=\"right\">11,00<\/td><\/tr><tr><td>Augenbrauen nuancieren <\/td><td class=\"has-text-align-right\" data-align=\"right\">9,00 <\/td><\/tr><tr><td>Augenbrauen korrigieren <\/td><td class=\"has-text-align-right\" data-align=\"right\">9,00<\/td><\/tr><tr><td>Make up<\/td><td class=\"has-text-align-right\" data-align=\"right\"> 40,00<\/td><\/tr><\/tbody><\/table><\/figure>\n\n\n\n<h3 class=\"wp-block-heading\"><strong>DAUERHAFTE HAARENTFERUNG <\/strong><\/h3>\n\n\n\n<figure class=\"wp-block-table is-style-pricelist\"><table><tbody><tr><td>Individuelle Beratung \u00b7 Hautschonende angenehme Behandlung mit SHR- Methode <\/td><td class=\"has-text-align-right\" data-align=\"right\">nach Anfrage <\/td><\/tr><\/tbody><\/table><\/figure>\n\n\n\n<h3 class=\"wp-block-heading\"><strong>MANIK\u00dcRE F\u00dcR SIE UND IHN <\/strong><\/h3>\n\n\n\n<figure class=\"wp-block-table is-style-pricelist\"><table><tbody><tr><td>Entlacken der N\u00e4gel \u00b7 Individuelles Formen der N\u00e4gel nach Kundenwunsch und Handform \u00b7 Pflegendes Handbad \u00b7 \u00dcberfl\u00fcssige Nagelhaut entfernen \u00b7 Handpeeling \u00b7 Polieren der N\u00e4gel \u00b7 Handcreme <\/td><td class=\"has-text-align-right\" data-align=\"right\">43,00<\/td><\/tr><tr><td>N\u00e4gel lackieren erfordert einen zus\u00e4tzlichen Zeitaufwand von ca. 10 Minuten \u00b7Unterlack<br>2 mal Farblack \u00b7 \u00dcberlack \u00b7 Schnelltrockner <\/td><td class=\"has-text-align-right\" data-align=\"right\">12,00<\/td><\/tr><tr><td>Shellack inklusive Manik\u00fcre<\/td><td class=\"has-text-align-right\" data-align=\"right\">51,00<\/td><\/tr><\/tbody><\/table><\/figure>\n\n\n\n<h3 class=\"wp-block-heading\"><strong>NAGELMODELLAGE<\/strong><\/h3>\n\n\n\n<figure class=\"wp-block-table is-style-pricelist\"><table><tbody><tr><td>Neumodellage mit Tips oder Schablone  <\/td><td class=\"has-text-align-right\" data-align=\"right\">70,00 <\/td><\/tr><tr><td>Auff\u00fcllen mit Farbgel oder French<\/td><td class=\"has-text-align-right\" data-align=\"right\">62,00<\/td><\/tr><tr><td>Naturnagelverst\u00e4rkung <\/td><td class=\"has-text-align-right\" data-align=\"right\">51,00<\/td><\/tr><tr><td>Reparaturnagel oder Lackieren <\/td><td class=\"has-text-align-right\" data-align=\"right\">11,00<\/td><\/tr><\/tbody><\/table><\/figure>\n\n\n\n<h3 class=\"wp-block-heading\"><strong>FACHFU\u00dfPFLEGE<\/strong><\/h3>\n\n\n\n<p>Fu\u00dfbad \u00b7 K\u00fcrzen und feilen der Fu\u00dfn\u00e4gel  \u00b7 Hornhautentfernung \u00b7 Fu\u00dfcreme <\/p>\n\n\n\n<figure class=\"wp-block-table is-style-pricelist\"><table><tbody><tr><td>Ohne Lack<\/td><td class=\"has-text-align-right\" data-align=\"right\">47,00 <\/td><\/tr><tr><td>mit Lack <\/td><td class=\"has-text-align-right\" data-align=\"right\">52,00<\/td><\/tr><tr><td>Gel \/ French <\/td><td class=\"has-text-align-right\" data-align=\"right\">55,00<\/td><\/tr><\/tbody><\/table><\/figure>\n\n\n\n<h3 class=\"wp-block-heading\"><strong>ZUSATZLEISTUNGEN <\/strong><\/h3>\n\n\n\n<figure class=\"wp-block-table is-style-pricelist\"><table><tbody><tr><td>H\u00fchneraugen <\/td><td class=\"has-text-align-right\" data-align=\"right\">8,00<\/td><\/tr><tr><td>Onyfix &#8211; Nagelkorrektursystem<\/td><td class=\"has-text-align-right\" data-align=\"right\">47,00<\/td><\/tr><\/tbody><\/table><\/figure>\n\n\n\n<p class=\"has-text-align-center has-text-color has-small-font-size\" style=\"color:#808080\">Alle Preise in Euro inklusive Mehrwertsteuer. \u00c4nderungen und Fehler vorbehalten.<\/p>\n","protected":false},"excerpt":{"rendered":"<p>Leistungen\/Preise Kosmetik KOSMETIK F\u00dcR SIE Revitalisierungsbehandlung Hautdiagnose \u00b7 Gesichtspeeling und Dampfbehandlung \u00b7 Sanfte Ausreinigung \u00b7Augenbrauenkorrektur \u00b7 Gesichtsmaske \u00b7 Ampulle oder Kompresse mit \u00e4therischen \u00d6len \u00b7 Revitalisierende Gesichtsmassage mit Tagespflege \u00b7 Pflegeempfehlung f\u00fcr zu Hause und Touch over 82,00 PFLEGEKONZEPT F\u00dcR IHN Hauttyp- Bestimmung mit anschlie\u00dfender Relexbehandlung Gesichtspeeling \u00b7 Dampfbehandlung \u00b7 Sanfte Ausreinigung \u00b7 Augenbrauenkorrektur \u00b7 [&hellip;]<\/p>\n","protected":false},"author":1,"featured_media":0,"parent":0,"menu_order":0,"comment_status":"closed","ping_status":"closed","template":"","meta":{"footnotes":""},"aioseo_notices":[],"_links":{"self":[{"href":"https:\/\/perfekt-hnk.de\/s\/wp-json\/wp\/v2\/pages\/1115"}],"collection":[{"href":"https:\/\/perfekt-hnk.de\/s\/wp-json\/wp\/v2\/pages"}],"about":[{"href":"https:\/\/perfekt-hnk.de\/s\/wp-json\/wp\/v2\/types\/page"}],"author":[{"embeddable":true,"href":"https:\/\/perfekt-hnk.de\/s\/wp-json\/wp\/v2\/users\/1"}],"replies":[{"embeddable":true,"href":"https:\/\/perfekt-hnk.de\/s\/wp-json\/wp\/v2\/comments?post=1115"}],"version-history":[{"count":19,"href":"https:\/\/perfekt-hnk.de\/s\/wp-json\/wp\/v2\/pages\/1115\/revisions"}],"predecessor-version":[{"id":1439,"href":"https:\/\/perfekt-hnk.de\/s\/wp-json\/wp\/v2\/pages\/1115\/revisions\/1439"}],"wp:attachment":[{"href":"https:\/\/perfekt-hnk.de\/s\/wp-json\/wp\/v2\/media?parent=1115"}],"curies":[{"name":"wp","href":"https:\/\/api.w.org\/{rel}","templated":true}]}}