{"id":18,"date":"2013-09-27T15:34:51","date_gmt":"2013-09-27T15:34:51","guid":{"rendered":"http:\/\/perfekt-hnk.de\/?page_id=18"},"modified":"2026-03-12T10:08:40","modified_gmt":"2026-03-12T09:08:40","slug":"trends","status":"publish","type":"page","link":"https:\/\/perfekt-hnk.de\/s\/trends\/","title":{"rendered":"Trends"},"content":{"rendered":"<h1>Trends<\/h1>\n<p>M\u00f6chten Sie sich zur Haar, Beauty und Lifestyle inspirieren lassen ? Dann klicken Sie auf das Bild, um das aktuelle Salon Beaut\u00e9-Heft zu \u00f6ffnen. Gerne setzen wir die Trends mit viel Kreativit\u00e4t passend zu Ihrem Typ im perfekt!- Salon um.\u00a0<\/p>\n\n<div class=\"wp-block-image\">\n<figure class=\"aligncenter size-large is-resized\"><a href=\"https:\/\/perfekt-hnk.de\/s\/wp-content\/uploads\/sites\/2\/2026\/03\/Preview_Print_DE_SinglePage_LB_SalonBeaute_0126_190x238mm_03.2026.pdf\"><img loading=\"lazy\" decoding=\"async\" width=\"816\" height=\"1024\" src=\"https:\/\/perfekt-hnk.de\/s\/wp-content\/uploads\/sites\/2\/2026\/03\/Bildschirmfoto-2026-03-12-um-10.02.39-816x1024.png\" alt=\"\" class=\"wp-image-1458\" style=\"width:481px;height:auto\" srcset=\"https:\/\/perfekt-hnk.de\/s\/wp-content\/uploads\/sites\/2\/2026\/03\/Bildschirmfoto-2026-03-12-um-10.02.39-816x1024.png 816w, https:\/\/perfekt-hnk.de\/s\/wp-content\/uploads\/sites\/2\/2026\/03\/Bildschirmfoto-2026-03-12-um-10.02.39-239x300.png 239w, https:\/\/perfekt-hnk.de\/s\/wp-content\/uploads\/sites\/2\/2026\/03\/Bildschirmfoto-2026-03-12-um-10.02.39-768x964.png 768w, https:\/\/perfekt-hnk.de\/s\/wp-content\/uploads\/sites\/2\/2026\/03\/Bildschirmfoto-2026-03-12-um-10.02.39-1223x1536.png 1223w, https:\/\/perfekt-hnk.de\/s\/wp-content\/uploads\/sites\/2\/2026\/03\/Bildschirmfoto-2026-03-12-um-10.02.39-624x783.png 624w, https:\/\/perfekt-hnk.de\/s\/wp-content\/uploads\/sites\/2\/2026\/03\/Bildschirmfoto-2026-03-12-um-10.02.39.png 1370w\" sizes=\"(max-width: 816px) 100vw, 816px\" \/><\/a><figcaption class=\"wp-element-caption\"><strong>Klicken Sie auf das Bild, um das Salon Beaut\u00e9 Heft zu \u00f6ffnen\/downloaden.<\/strong><\/figcaption><\/figure><\/div>","protected":false},"excerpt":{"rendered":"<p>Trends M\u00f6chten Sie sich zur Haar, Beauty und Lifestyle inspirieren lassen ? Dann klicken Sie auf das Bild, um das aktuelle Salon Beaut\u00e9-Heft zu \u00f6ffnen. Gerne setzen wir die Trends mit viel Kreativit\u00e4t passend zu Ihrem Typ im perfekt!- Salon um.\u00a0<\/p>\n","protected":false},"author":1,"featured_media":0,"parent":0,"menu_order":0,"comment_status":"open","ping_status":"open","template":"","meta":{"footnotes":""},"aioseo_notices":[],"_links":{"self":[{"href":"https:\/\/perfekt-hnk.de\/s\/wp-json\/wp\/v2\/pages\/18"}],"collection":[{"href":"https:\/\/perfekt-hnk.de\/s\/wp-json\/wp\/v2\/pages"}],"about":[{"href":"https:\/\/perfekt-hnk.de\/s\/wp-json\/wp\/v2\/types\/page"}],"author":[{"embeddable":true,"href":"https:\/\/perfekt-hnk.de\/s\/wp-json\/wp\/v2\/users\/1"}],"replies":[{"embeddable":true,"href":"https:\/\/perfekt-hnk.de\/s\/wp-json\/wp\/v2\/comments?post=18"}],"version-history":[{"count":90,"href":"https:\/\/perfekt-hnk.de\/s\/wp-json\/wp\/v2\/pages\/18\/revisions"}],"predecessor-version":[{"id":1462,"href":"https:\/\/perfekt-hnk.de\/s\/wp-json\/wp\/v2\/pages\/18\/revisions\/1462"}],"wp:attachment":[{"href":"https:\/\/perfekt-hnk.de\/s\/wp-json\/wp\/v2\/media?parent=18"}],"curies":[{"name":"wp","href":"https:\/\/api.w.org\/{rel}","templated":true}]}}