{"id":14,"date":"2013-09-27T15:34:38","date_gmt":"2013-09-27T15:34:38","guid":{"rendered":"http:\/\/perfekt-hnk.de\/?page_id=14"},"modified":"2024-07-15T16:49:51","modified_gmt":"2024-07-15T14:49:51","slug":"team","status":"publish","type":"page","link":"https:\/\/perfekt-hnk.de\/tn\/team\/","title":{"rendered":"Team"},"content":{"rendered":"\n<h1 class=\"wp-block-heading\">Team <\/h1>\n\n\n\n<p>Unser Team sorgt daf\u00fcr, dass Sie sich bei uns wohl f\u00fchlen. Dazu z\u00e4hlen eine einzigartige Atmosph\u00e4re, eine individuelle Beratung sowie ein angesagtes Styling von unseren trendbewussten und erfahrenen Experten.<\/p>\n\n\n\n<p>Herzlichkeit, Kreativit\u00e4t und vor allem Spa\u00df bei der Arbeit macht dieses Team perfekt!<\/p>\n\n\n\n<div class=\"wp-block-columns is-layout-flex wp-container-core-columns-layout-1 wp-block-columns-is-layout-flex\">\n<div class=\"wp-block-column is-vertically-aligned-center is-layout-flow wp-block-column-is-layout-flow\" style=\"flex-basis:70%\">\n<div class=\"wp-block-group alignwide is-layout-constrained wp-block-group-is-layout-constrained\"><div class=\"wp-block-group__inner-container\">\n<div class=\"wp-block-media-text alignwide is-vertically-aligned-top has-background\" style=\"background-color:#f9f9f9;grid-template-columns:40% auto\"><figure class=\"wp-block-media-text__media\"><img loading=\"lazy\" decoding=\"async\" width=\"1366\" height=\"2048\" src=\"https:\/\/perfekt-hnk.de\/tn\/wp-content\/uploads\/sites\/3\/2024\/05\/64868-3883-scaled-e1718029461281.jpg\" alt=\"\" class=\"wp-image-999 size-full\"\/><\/figure><div class=\"wp-block-media-text__content\">\n<p><strong>Srebrenka \u0160imi\u0107<br><\/strong>Inhaberin<br>Master Stylistin<\/p>\n<\/div><\/div>\n\n\n\n<div style=\"height:20px;width:0px\" aria-hidden=\"true\" class=\"wp-block-spacer\"><\/div>\n\n\n\n<div class=\"wp-block-media-text alignwide is-vertically-aligned-top has-background\" style=\"background-color:#f9f9f9;grid-template-columns:40% auto\"><figure class=\"wp-block-media-text__media\"><img loading=\"lazy\" decoding=\"async\" width=\"782\" height=\"1024\" src=\"https:\/\/perfekt-hnk.de\/tn\/wp-content\/uploads\/sites\/3\/2024\/05\/64868-2848-782x1024.jpg\" alt=\"\" class=\"wp-image-997 size-medium\" srcset=\"https:\/\/perfekt-hnk.de\/tn\/wp-content\/uploads\/sites\/3\/2024\/05\/64868-2848-782x1024.jpg 782w, https:\/\/perfekt-hnk.de\/tn\/wp-content\/uploads\/sites\/3\/2024\/05\/64868-2848-229x300.jpg 229w, https:\/\/perfekt-hnk.de\/tn\/wp-content\/uploads\/sites\/3\/2024\/05\/64868-2848-768x1006.jpg 768w, https:\/\/perfekt-hnk.de\/tn\/wp-content\/uploads\/sites\/3\/2024\/05\/64868-2848-1173x1536.jpg 1173w, https:\/\/perfekt-hnk.de\/tn\/wp-content\/uploads\/sites\/3\/2024\/05\/64868-2848-1563x2048.jpg 1563w, https:\/\/perfekt-hnk.de\/tn\/wp-content\/uploads\/sites\/3\/2024\/05\/64868-2848-624x817.jpg 624w, https:\/\/perfekt-hnk.de\/tn\/wp-content\/uploads\/sites\/3\/2024\/05\/64868-2848-scaled.jpg 1954w\" sizes=\"(max-width: 782px) 100vw, 782px\" \/><\/figure><div class=\"wp-block-media-text__content\">\n<p><strong>Nikolina \u0160imi\u0107<\/strong><br>Salon Leitung<br>Master Stylistin<br>Make-up Artistin<br>Hochstecken<\/p>\n\n\n\n<div style=\"height:20px;width:0px\" aria-hidden=\"true\" class=\"wp-block-spacer\"><\/div>\n<\/div><\/div>\n\n\n\n<div style=\"height:20px\" aria-hidden=\"true\" class=\"wp-block-spacer\"><\/div>\n\n\n\n<div class=\"wp-block-media-text alignwide is-vertically-aligned-top has-background\" style=\"background-color:#f9f9f9;grid-template-columns:40% auto\"><figure class=\"wp-block-media-text__media\"><img loading=\"lazy\" decoding=\"async\" width=\"684\" height=\"1024\" src=\"https:\/\/perfekt-hnk.de\/tn\/wp-content\/uploads\/sites\/3\/2024\/05\/64868-2706b-684x1024.jpg\" alt=\"\" class=\"wp-image-995 size-medium\" srcset=\"https:\/\/perfekt-hnk.de\/tn\/wp-content\/uploads\/sites\/3\/2024\/05\/64868-2706b-684x1024.jpg 684w, https:\/\/perfekt-hnk.de\/tn\/wp-content\/uploads\/sites\/3\/2024\/05\/64868-2706b-200x300.jpg 200w, https:\/\/perfekt-hnk.de\/tn\/wp-content\/uploads\/sites\/3\/2024\/05\/64868-2706b-768x1151.jpg 768w, https:\/\/perfekt-hnk.de\/tn\/wp-content\/uploads\/sites\/3\/2024\/05\/64868-2706b-1025x1536.jpg 1025w, https:\/\/perfekt-hnk.de\/tn\/wp-content\/uploads\/sites\/3\/2024\/05\/64868-2706b-624x935.jpg 624w, https:\/\/perfekt-hnk.de\/tn\/wp-content\/uploads\/sites\/3\/2024\/05\/64868-2706b.jpg 1367w\" sizes=\"(max-width: 684px) 100vw, 684px\" \/><\/figure><div class=\"wp-block-media-text__content\">\n<p><strong>Timea Mokos<\/strong><br>Top Stylistin<br>Hochstecken<\/p>\n<\/div><\/div>\n\n\n\n<div style=\"height:20px;width:0px\" aria-hidden=\"true\" class=\"wp-block-spacer\"><\/div>\n\n\n\n<div class=\"wp-block-media-text alignwide is-vertically-aligned-top has-background\" style=\"background-color:#f9f9f9;grid-template-columns:40% auto\"><figure class=\"wp-block-media-text__media\"><img loading=\"lazy\" decoding=\"async\" width=\"732\" height=\"1024\" src=\"https:\/\/perfekt-hnk.de\/tn\/wp-content\/uploads\/sites\/3\/2024\/05\/64868-2509-732x1024.jpg\" alt=\"\" class=\"wp-image-980 size-medium\" srcset=\"https:\/\/perfekt-hnk.de\/tn\/wp-content\/uploads\/sites\/3\/2024\/05\/64868-2509-732x1024.jpg 732w, https:\/\/perfekt-hnk.de\/tn\/wp-content\/uploads\/sites\/3\/2024\/05\/64868-2509-214x300.jpg 214w, https:\/\/perfekt-hnk.de\/tn\/wp-content\/uploads\/sites\/3\/2024\/05\/64868-2509-768x1075.jpg 768w, https:\/\/perfekt-hnk.de\/tn\/wp-content\/uploads\/sites\/3\/2024\/05\/64868-2509-1097x1536.jpg 1097w, https:\/\/perfekt-hnk.de\/tn\/wp-content\/uploads\/sites\/3\/2024\/05\/64868-2509-624x874.jpg 624w, https:\/\/perfekt-hnk.de\/tn\/wp-content\/uploads\/sites\/3\/2024\/05\/64868-2509.jpg 1463w\" sizes=\"(max-width: 732px) 100vw, 732px\" \/><\/figure><div class=\"wp-block-media-text__content\">\n<p><strong>Brigita Markez<\/strong><br>Master Stylistin<\/p>\n<\/div><\/div>\n\n\n\n<div style=\"height:20px;width:0px\" aria-hidden=\"true\" class=\"wp-block-spacer\"><\/div>\n\n\n\n<div class=\"wp-block-media-text alignwide is-vertically-aligned-top has-background\" style=\"background-color:#f9f9f9;grid-template-columns:40% auto\"><figure class=\"wp-block-media-text__media\"><img loading=\"lazy\" decoding=\"async\" width=\"731\" height=\"1024\" src=\"https:\/\/perfekt-hnk.de\/tn\/wp-content\/uploads\/sites\/3\/2024\/05\/64868-2539-731x1024.jpg\" alt=\"\" class=\"wp-image-985 size-medium\" srcset=\"https:\/\/perfekt-hnk.de\/tn\/wp-content\/uploads\/sites\/3\/2024\/05\/64868-2539-731x1024.jpg 731w, https:\/\/perfekt-hnk.de\/tn\/wp-content\/uploads\/sites\/3\/2024\/05\/64868-2539-214x300.jpg 214w, https:\/\/perfekt-hnk.de\/tn\/wp-content\/uploads\/sites\/3\/2024\/05\/64868-2539-768x1075.jpg 768w, https:\/\/perfekt-hnk.de\/tn\/wp-content\/uploads\/sites\/3\/2024\/05\/64868-2539-1097x1536.jpg 1097w, https:\/\/perfekt-hnk.de\/tn\/wp-content\/uploads\/sites\/3\/2024\/05\/64868-2539-1463x2048.jpg 1463w, https:\/\/perfekt-hnk.de\/tn\/wp-content\/uploads\/sites\/3\/2024\/05\/64868-2539-624x874.jpg 624w, https:\/\/perfekt-hnk.de\/tn\/wp-content\/uploads\/sites\/3\/2024\/05\/64868-2539-scaled.jpg 1828w\" sizes=\"(max-width: 731px) 100vw, 731px\" \/><\/figure><div class=\"wp-block-media-text__content\">\n<p><strong>Emir Seherac<\/strong><br>Top Stylist<br>Hochstecken<\/p>\n<\/div><\/div>\n<\/div><\/div>\n<\/div>\n<\/div>\n","protected":false},"excerpt":{"rendered":"<p>Team Unser Team sorgt daf\u00fcr, dass Sie sich bei uns wohl f\u00fchlen. Dazu z\u00e4hlen eine einzigartige Atmosph\u00e4re, eine individuelle Beratung sowie ein angesagtes Styling von unseren trendbewussten und erfahrenen Experten. Herzlichkeit, Kreativit\u00e4t und vor allem Spa\u00df bei der Arbeit macht dieses Team perfekt! Srebrenka \u0160imi\u0107InhaberinMaster Stylistin Nikolina \u0160imi\u0107Salon LeitungMaster StylistinMake-up ArtistinHochstecken Timea MokosTop StylistinHochstecken Brigita [&hellip;]<\/p>\n","protected":false},"author":1,"featured_media":0,"parent":0,"menu_order":0,"comment_status":"closed","ping_status":"closed","template":"","meta":{"footnotes":""},"aioseo_notices":[],"_links":{"self":[{"href":"https:\/\/perfekt-hnk.de\/tn\/wp-json\/wp\/v2\/pages\/14"}],"collection":[{"href":"https:\/\/perfekt-hnk.de\/tn\/wp-json\/wp\/v2\/pages"}],"about":[{"href":"https:\/\/perfekt-hnk.de\/tn\/wp-json\/wp\/v2\/types\/page"}],"author":[{"embeddable":true,"href":"https:\/\/perfekt-hnk.de\/tn\/wp-json\/wp\/v2\/users\/1"}],"replies":[{"embeddable":true,"href":"https:\/\/perfekt-hnk.de\/tn\/wp-json\/wp\/v2\/comments?post=14"}],"version-history":[{"count":39,"href":"https:\/\/perfekt-hnk.de\/tn\/wp-json\/wp\/v2\/pages\/14\/revisions"}],"predecessor-version":[{"id":1051,"href":"https:\/\/perfekt-hnk.de\/tn\/wp-json\/wp\/v2\/pages\/14\/revisions\/1051"}],"wp:attachment":[{"href":"https:\/\/perfekt-hnk.de\/tn\/wp-json\/wp\/v2\/media?parent=14"}],"curies":[{"name":"wp","href":"https:\/\/api.w.org\/{rel}","templated":true}]}}